{"id":1409,"date":"2016-01-27T18:33:52","date_gmt":"2016-01-27T16:33:52","guid":{"rendered":"http:\/\/www.culture-sorbonne.fr\/dionysies\/?page_id=1409"},"modified":"2016-01-27T18:33:52","modified_gmt":"2016-01-27T16:33:52","slug":"2015-2","status":"publish","type":"page","link":"https:\/\/dionysies.sorbonne-universite.fr\/?page_id=1409","title":{"rendered":"2015"},"content":{"rendered":"<blockquote><p>1995-2015 : 20 ans de po\u00e9sie et de th\u00e9\u00e2tre antiques<\/p>\n<p>On dit qu\u2019il faut vingt ans pour faire un homme, dix ans pour prendre une ville.<\/p>\n<p>D\u00e9modocos a vingt ans, les Dionysies dix ans. L\u2019aventure a commenc\u00e9 quelque part entre les couloirs de la Sorbonne et de l\u2019ENS, les caf\u00e9s des bords de Seine et les tavernes des bords de Loire.<\/p>\n<p>Le nom D\u00e9modocos vient de l\u2019a\u00e8de aveugle de l\u2019Odyss\u00e9e : le premier th\u00e9\u00e2tre de l\u2019Epop\u00e9e est invisible, la parole y rend hommage \u00e0 la voix imm\u00e9moriale, celle qui ne peut se taire, qui l\u2019emporte sur tous les faux-semblants, sur toutes les compromissions, scolaires, universitaires, culturelles.\u00a0Front pench\u00e9 sur leur table de travail, bient\u00f4t visage lev\u00e9 vers le ciel, ils ont chant\u00e9 l\u2019Odyss\u00e9e, les po\u00e8mes de Catulle, ceux de Sappho, l\u2019Iliade, les G\u00e9orgiques, La Nature des choses.\u00a0Puis ils ont pris le plateau et sur cette acropole ont dress\u00e9 leurs silhouettes : ombres, pantomimes, masques.\u00a0Ils ont jou\u00e9 Eschyle, Sophocle, Aristophane, Euripide, Plaute. Ils ont embrass\u00e9 la langue grecque et la latine, ils ont jou\u00e9 en V.O. et laiss\u00e9 cette langue d\u00e9river dans la leur. Bient\u00f4t la langue de substitution est devenue plus m\u00fbre. La langue fran\u00e7aise s\u2019est r\u00e9veill\u00e9e, elle a cri\u00e9, elle a r\u00eav\u00e9 de lointaines et irr\u00e9fragables scansions, et les a fait descendre jusqu\u2019aux acteurs.\u00a0Ils ont march\u00e9, martel\u00e9, mont\u00e9 l\u2019\u00e9chelle de Pythagore, chant\u00e9 la danse des astres, dans\u00e9 le cercle.\u00a0Et voici que le r\u00e9fectoire des Cordeliers s\u2019ouvre \u00e0 eux encore une fois, du 20 au 28 mars 2015.<\/p>\n<p>La Trag\u00e9die arrive, sublime et aust\u00e8re, avec son cort\u00e8ge de choreutes, dans l\u2019encens de ses rituels : ne serez-vous de notre confr\u00e9rie ?<\/p>\n<p>Attention : tout pr\u00e8s d\u2019elle, dans un bruit de casserole et de po\u00eale \u00e0 frire, s\u2019avance, incapable de se tenir, grotesque et orduri\u00e8re, la Com\u00e9die !<\/p>\n<p>Les po\u00e8tes seront l\u00e0, et les philosophes, entre deux rondes satyriques\u2026<\/p><\/blockquote>\n<p style=\"text-align: right;\">Philippe Brunet,<br \/>\nDirecteur artistique du festival des Dionysies<\/p>\n<h1><\/h1>\n<h3>du 20 au 28 mars<\/h3>\n<p>Salle des Cordeliers (Paris)<\/p>\n<p><a href=\"http:\/\/www.culture-sorbonne.fr\/dionysies\/files\/2015\/01\/affiche_dionysies_2015.jpg\" rel=\"attachment wp-att-1392\"><img loading=\"lazy\" decoding=\"async\" class=\"size-medium wp-image-1392 alignnone\" src=\"http:\/\/www.culture-sorbonne.fr\/dionysies\/files\/2015\/01\/affiche_dionysies_2015-200x300.jpg\" alt=\"affiche_dionysies_2015\" width=\"200\" height=\"300\" srcset=\"https:\/\/dionysies.sorbonne-universite.fr\/wp-content\/uploads\/2015\/01\/affiche_dionysies_2015-200x300.jpg 200w, https:\/\/dionysies.sorbonne-universite.fr\/wp-content\/uploads\/2015\/01\/affiche_dionysies_2015.jpg 567w\" sizes=\"auto, (max-width: 200px) 100vw, 200px\" \/><\/a><\/p>\n<h4>Par le Th\u00e9\u00e2tre D\u00e9modocos<\/h4>\n<h5>Cr\u00e9ations<\/h5>\n<ul>\n<li><em>Le retour d&rsquo;Ulysse<\/em>, d\u2019Hom\u00e8re,<em>\u00a0<\/em>incluant les Hymnes delphiques \u00e0 Apollon<\/li>\n<li><em>Lysistrata<\/em>, d\u2019Aristophane<\/li>\n<\/ul>\n<h4>Reprises<\/h4>\n<ul>\n<li><em>Oedipe Roi<\/em>, de Sophocle<\/li>\n<li><em>Amphitryon<\/em>, de Plaute<\/li>\n<li><em>Les Perses<\/em>, d\u2019Eschyle<\/li>\n<\/ul>\n<h5>Autres spectacles, animations, ateliers, conf\u00e9rences &#8230;<\/h5>\n<ul>\n<li><em>Les G\u00e9orgiques,\u00a0<\/em>de Virgile<\/li>\n<li>La <em>Chanson de Roland<\/em><\/li>\n<li><em>Eutyphron<\/em>, de Platon<\/li>\n<li>Bal dionysiaque<\/li>\n<li><em>La Nature des choses<\/em>, de Lucr\u00e8ce<\/li>\n<li><em>La Danse des furies<\/em>, d\u2019Isadora Duncan<\/li>\n<li>Conf\u00e9rence-lecture sur la com\u00e9die et les masques<\/li>\n<li>Caf\u00e9 hom\u00e9rique\u00a0: \u00ab\u00a0Les dieux ne sont pas s\u00e9rieux\u00a0\u00bb<\/li>\n<\/ul>\n","protected":false},"excerpt":{"rendered":"<p>1995-2015 : 20 ans de po\u00e9sie et de th\u00e9\u00e2tre antiques On dit qu\u2019il faut vingt ans pour faire un homme, dix ans pour prendre une ville. D\u00e9modocos a vingt ans, &#8230;<\/p>\n","protected":false},"author":3,"featured_media":1392,"parent":63,"menu_order":0,"comment_status":"closed","ping_status":"closed","template":"","meta":{"footnotes":""},"class_list":["post-1409","page","type-page","status-publish","has-post-thumbnail","hentry"],"_links":{"self":[{"href":"https:\/\/dionysies.sorbonne-universite.fr\/index.php?rest_route=\/wp\/v2\/pages\/1409","targetHints":{"allow":["GET"]}}],"collection":[{"href":"https:\/\/dionysies.sorbonne-universite.fr\/index.php?rest_route=\/wp\/v2\/pages"}],"about":[{"href":"https:\/\/dionysies.sorbonne-universite.fr\/index.php?rest_route=\/wp\/v2\/types\/page"}],"author":[{"embeddable":true,"href":"https:\/\/dionysies.sorbonne-universite.fr\/index.php?rest_route=\/wp\/v2\/users\/3"}],"replies":[{"embeddable":true,"href":"https:\/\/dionysies.sorbonne-universite.fr\/index.php?rest_route=%2Fwp%2Fv2%2Fcomments&post=1409"}],"version-history":[{"count":0,"href":"https:\/\/dionysies.sorbonne-universite.fr\/index.php?rest_route=\/wp\/v2\/pages\/1409\/revisions"}],"up":[{"embeddable":true,"href":"https:\/\/dionysies.sorbonne-universite.fr\/index.php?rest_route=\/wp\/v2\/pages\/63"}],"wp:featuredmedia":[{"embeddable":true,"href":"https:\/\/dionysies.sorbonne-universite.fr\/index.php?rest_route=\/wp\/v2\/media\/1392"}],"wp:attachment":[{"href":"https:\/\/dionysies.sorbonne-universite.fr\/index.php?rest_route=%2Fwp%2Fv2%2Fmedia&parent=1409"}],"curies":[{"name":"wp","href":"https:\/\/api.w.org\/{rel}","templated":true}]}}