{"id":2676,"date":"2023-01-05T13:05:37","date_gmt":"2023-01-05T13:05:37","guid":{"rendered":"https:\/\/dionysies.sorbonne-universite.fr\/?page_id=2676"},"modified":"2023-01-05T13:05:37","modified_gmt":"2023-01-05T13:05:37","slug":"mentions-legales","status":"publish","type":"page","link":"https:\/\/dionysies.sorbonne-universite.fr\/?page_id=2676","title":{"rendered":"Mentions l\u00e9gales"},"content":{"rendered":"\n<p>Sorbonne universit\u00e9 (si\u00e8ge)<\/p>\n\n\n\n<p>21, rue de l&rsquo;\u00e9cole de m\u00e9decine\u00a075006 Paris<br>\u00a0<\/p>\n\n\n\n<h2 class=\"wp-block-heading\">Directrice&nbsp;de la publication<\/h2>\n\n\n\n<p>B\u00e9atrice Perez, doyenne de la facult\u00e9 des lettres de Sorbonne Universit\u00e9<\/p>\n\n\n\n<h4 class=\"wp-block-heading\">Traitement des donn\u00e9es \u00e0 caract\u00e8re personnel<\/h4>\n\n\n\n<p>Conform\u00e9ment \u00e0 la loi n\u00b078-17 du 6 janvier 1978 modifi\u00e9e en 2004 relative \u00e0 l\u2019informatique, aux fichiers et aux libert\u00e9s, toute personne peut obtenir communication et, le cas \u00e9ch\u00e9ant, rectification, suppression ou opposition des informations la concernant.<\/p>\n\n\n\n<p>Ce droit peut \u00eatre exerc\u00e9 par courriel <a href=\"mailto:action-culturelle@sorbonne-universite.fr\" data-type=\"mailto\" data-id=\"mailto:action-culturelle@sorbonne-universite.fr\">aupr\u00e8s du webmast<\/a><a href=\"mailto:sciences-webmaster@sorbonne-universite.fr\">er.<\/a><\/p>\n\n\n\n<h4 class=\"wp-block-heading\">Conditions d&rsquo;utilisation<\/h4>\n\n\n\n<p>Les utilisateurs du site sont tenus de respecter les dispositions de la loi relative \u00e0 l&rsquo;informatique, aux fichiers et aux libert\u00e9s, dont la violation est passible de sanctions p\u00e9nales. Ils doivent notamment s&rsquo;abstenir, s&rsquo;agissant d&rsquo;informations nominatives auxquelles ils acc\u00e8dent, de toute collecte, de toute utilisation d\u00e9tourn\u00e9e et d&rsquo;une mani\u00e8re g\u00e9n\u00e9rale, de tout acte susceptible de porter atteinte \u00e0 la vie priv\u00e9e ou \u00e0 la r\u00e9putation des personnes.<\/p>\n\n\n\n<h4 class=\"wp-block-heading\">Tra\u00e7abilit\u00e9<\/h4>\n\n\n\n<p>L\u2019utilisateur est inform\u00e9 que, lors de ses visites sur le site, un cookie peut s\u2019installer automatiquement dans son navigateur. Le cookie est un bloc de donn\u00e9es qui ne permet pas d\u2019identifier les utilisateurs mais sert \u00e0 enregistrer des informations \u00e0 des fins statistiques.<\/p>\n\n\n\n<p>Ce site utilise Tarteaucitron.<\/p>\n\n\n\n<h4 class=\"wp-block-heading\">Droit d&rsquo;auteur et de reproduction<\/h4>\n\n\n\n<p>Ce site est la propri\u00e9t\u00e9 exclusive de Sorbonne Universit\u00e9. Il rel\u00e8ve de la l\u00e9gislation fran\u00e7aise et internationale sur le droit d\u2019auteur et la propri\u00e9t\u00e9 intellectuelle.<\/p>\n\n\n\n<p>La reproduction de tout ou partie de ce site sur un support \u00e9lectronique est autoris\u00e9e pour un usage priv\u00e9 sous r\u00e9serve d\u2019en indiquer la source et en mentionnant \u00ab\u00a0Droits r\u00e9serv\u00e9s\u00a0\u00bb.<\/p>\n\n\n\n<p>Sorbonne Universit\u00e9 autorise la mise en place de liens hypertextes renvoyant vers des pages du site, sous r\u00e9serve que la s\u00e9lection de ces liens provoque l\u2019ouverture d\u2019une page ou d\u2019un onglet du navigateur.<\/p>\n\n\n\n<h4 class=\"wp-block-heading\">Limite de responsabilit\u00e9<\/h4>\n\n\n\n<p>La responsabilit\u00e9 de Sorbonne Universit\u00e9 ne peut, en aucune mani\u00e8re, \u00eatre engag\u00e9e quant au contenu des informations figurant sur ce site ou aux cons\u00e9quences pouvant r\u00e9sulter de leur utilisation ou interpr\u00e9tation.<\/p>\n\n\n\n<p>Toute erreur, information obsol\u00e8te, page inaccessible peuvent \u00eatre signal\u00e9s au webmaster.<\/p>\n\n\n\n<h4 class=\"wp-block-heading\">H\u00e9bergement<\/h4>\n\n\n\n<p>L\u2019h\u00e9bergement du site, la maintenance technique et les mises \u00e0 jour logicielles sont assur\u00e9es par la Direction du syst\u00e8me d&rsquo;information de Sorbonne Universit\u00e9.<\/p>\n","protected":false},"excerpt":{"rendered":"<p>Sorbonne universit\u00e9 (si\u00e8ge) 21, rue de l&rsquo;\u00e9cole de m\u00e9decine\u00a075006 Paris\u00a0 Directrice&nbsp;de la publication B\u00e9atrice Perez, doyenne de la facult\u00e9 des lettres de Sorbonne Universit\u00e9 Traitement des donn\u00e9es \u00e0 caract\u00e8re personnel &#8230;<\/p>\n","protected":false},"author":3,"featured_media":0,"parent":0,"menu_order":0,"comment_status":"closed","ping_status":"closed","template":"","meta":{"footnotes":""},"class_list":["post-2676","page","type-page","status-publish","hentry"],"_links":{"self":[{"href":"https:\/\/dionysies.sorbonne-universite.fr\/index.php?rest_route=\/wp\/v2\/pages\/2676","targetHints":{"allow":["GET"]}}],"collection":[{"href":"https:\/\/dionysies.sorbonne-universite.fr\/index.php?rest_route=\/wp\/v2\/pages"}],"about":[{"href":"https:\/\/dionysies.sorbonne-universite.fr\/index.php?rest_route=\/wp\/v2\/types\/page"}],"author":[{"embeddable":true,"href":"https:\/\/dionysies.sorbonne-universite.fr\/index.php?rest_route=\/wp\/v2\/users\/3"}],"replies":[{"embeddable":true,"href":"https:\/\/dionysies.sorbonne-universite.fr\/index.php?rest_route=%2Fwp%2Fv2%2Fcomments&post=2676"}],"version-history":[{"count":1,"href":"https:\/\/dionysies.sorbonne-universite.fr\/index.php?rest_route=\/wp\/v2\/pages\/2676\/revisions"}],"predecessor-version":[{"id":2677,"href":"https:\/\/dionysies.sorbonne-universite.fr\/index.php?rest_route=\/wp\/v2\/pages\/2676\/revisions\/2677"}],"wp:attachment":[{"href":"https:\/\/dionysies.sorbonne-universite.fr\/index.php?rest_route=%2Fwp%2Fv2%2Fmedia&parent=2676"}],"curies":[{"name":"wp","href":"https:\/\/api.w.org\/{rel}","templated":true}]}}