{"id":32,"date":"2011-10-26T15:48:02","date_gmt":"2011-10-26T13:48:02","guid":{"rendered":"http:\/\/www.culture-sorbonne.fr\/dionysies\/?page_id=32"},"modified":"2026-02-23T20:59:48","modified_gmt":"2026-02-23T20:59:48","slug":"partenaires","status":"publish","type":"page","link":"https:\/\/dionysies.sorbonne-universite.fr\/?page_id=32","title":{"rendered":"Devenez partenaire !"},"content":{"rendered":"\n<h2 class=\"wp-block-heading\">Les Dionysies ont besoin de vous pour exister&#8230;<\/h2>\n\n\n\n<p class=\"has-text-align-center\">Si vous souhaitez soutenir et participer au festival, contactez-nous !<\/p>\n\n\n\n<p class=\"has-text-align-center\">Courriel<br><a href=\"mailto:festival.dionysies@gmail.com\" target=\"_blank\" rel=\"noopener\">festival.dionysies@gmail.com<\/a><\/p>\n\n\n\n<p class=\"has-text-align-center\">R\u00e9seaux sociaux<br><a href=\"https:\/\/www.facebook.com\/theatre.demodocos\">Facebook<\/a> \/ <a href=\"https:\/\/www.youtube.com\/channel\/UCBpx2V7Ir8Tg893X1wwrVTg\">YouTube<\/a><\/p>\n\n\n\n<p class=\"has-text-align-center\">DAC de la Facult\u00e9 des Lettres de Sorbonne Universit\u00e9<a href=\"http:\/\/www.culture-sorbonne.fr\/\"><br><\/a><a href=\"https:\/\/lettres.sorbonne-universite.fr\/culture\">lettres.sorbonne-universite.fr\/culture <\/a><\/p>\n\n\n\n<p class=\"has-text-align-center\">Adresse postale<br>Direction des Affaires Culturelles, 1 Rue Victor Cousin, 75005 Paris<\/p>\n\n\n\n<hr class=\"wp-block-separator has-alpha-channel-opacity\"\/>\n\n\n\n<h2 class=\"wp-block-heading\">Les partenaires<\/h2>\n\n\n\n<p class=\"has-text-align-center\">Les Dionysies ne pourraient exister sans :<\/p>\n\n\n\n<p class=\"has-text-align-center\">Sorbonne Universit\u00e9<br>Universit\u00e9 de Rouen<br>Universit\u00e9 de Franche-Comt\u00e9<br>Acad\u00e9mie de Paris<br>CROUS de Paris<br>Lyc\u00e9e Louis Le Grand (Paris)<br>Lyc\u00e9e Jules Ferry (Paris)<br>Le Lavoir Moderne Parisien<br>Le cin\u00e9ma Les 3 Luxembourg<\/p>\n\n\n\n<p><\/p>\n\n\n\n<p><\/p>\n\n\n\n<p><\/p>\n\n\n\n<p><\/p>\n\n\n\n<div class=\"wp-block-group\"><div class=\"wp-block-group__inner-container is-layout-constrained wp-block-group-is-layout-constrained\">\n<div class=\"wp-block-group\"><div class=\"wp-block-group__inner-container is-layout-constrained wp-block-group-is-layout-constrained\">\n<p><\/p>\n\n\n\n<p class=\"has-text-align-center\"><br><\/p>\n<\/div><\/div>\n<\/div><\/div>\n\n\n\n<p class=\"has-text-align-center\">&nbsp;<\/p>\n","protected":false},"excerpt":{"rendered":"<p>Les Dionysies ont besoin de vous pour exister&#8230; Si vous souhaitez soutenir et participer au festival, contactez-nous ! Courrielfestival.dionysies@gmail.com R\u00e9seaux sociauxFacebook \/ YouTube DAC de la Facult\u00e9 des Lettres de &#8230;<\/p>\n","protected":false},"author":3,"featured_media":2069,"parent":0,"menu_order":0,"comment_status":"closed","ping_status":"closed","template":"","meta":{"footnotes":""},"class_list":["post-32","page","type-page","status-publish","has-post-thumbnail","hentry"],"_links":{"self":[{"href":"https:\/\/dionysies.sorbonne-universite.fr\/index.php?rest_route=\/wp\/v2\/pages\/32","targetHints":{"allow":["GET"]}}],"collection":[{"href":"https:\/\/dionysies.sorbonne-universite.fr\/index.php?rest_route=\/wp\/v2\/pages"}],"about":[{"href":"https:\/\/dionysies.sorbonne-universite.fr\/index.php?rest_route=\/wp\/v2\/types\/page"}],"author":[{"embeddable":true,"href":"https:\/\/dionysies.sorbonne-universite.fr\/index.php?rest_route=\/wp\/v2\/users\/3"}],"replies":[{"embeddable":true,"href":"https:\/\/dionysies.sorbonne-universite.fr\/index.php?rest_route=%2Fwp%2Fv2%2Fcomments&post=32"}],"version-history":[{"count":9,"href":"https:\/\/dionysies.sorbonne-universite.fr\/index.php?rest_route=\/wp\/v2\/pages\/32\/revisions"}],"predecessor-version":[{"id":2988,"href":"https:\/\/dionysies.sorbonne-universite.fr\/index.php?rest_route=\/wp\/v2\/pages\/32\/revisions\/2988"}],"wp:featuredmedia":[{"embeddable":true,"href":"https:\/\/dionysies.sorbonne-universite.fr\/index.php?rest_route=\/wp\/v2\/media\/2069"}],"wp:attachment":[{"href":"https:\/\/dionysies.sorbonne-universite.fr\/index.php?rest_route=%2Fwp%2Fv2%2Fmedia&parent=32"}],"curies":[{"name":"wp","href":"https:\/\/api.w.org\/{rel}","templated":true}]}}