{"id":590,"date":"2013-01-18T16:09:05","date_gmt":"2013-01-18T14:09:05","guid":{"rendered":"http:\/\/www.culture-sorbonne.fr\/dionysies\/?page_id=590"},"modified":"2013-01-18T16:09:05","modified_gmt":"2013-01-18T14:09:05","slug":"2013-2","status":"publish","type":"page","link":"https:\/\/dionysies.sorbonne-universite.fr\/?page_id=590","title":{"rendered":"2013"},"content":{"rendered":"<blockquote>\n<p style=\"text-align: justify;\">L&rsquo;hiver \u00e9tait l\u00e0 et le printemps encore loin. La grippe s\u00e9vissait. Le R\u00e9fectoire des Cordeliers \u00e9tait ferm\u00e9, la rue barr\u00e9e. Les spectacles \u00e0 peine en germe. On osait \u00e0 peine annoncer ce qui n&rsquo;\u00e9tait pas encore&#8230; et voici que tout arrive, les portes s&rsquo;ouvrent, les affiches fleurissent\u00a0: la 8e des Dionysies, la 7e aux Cordeliers\u00a0! Et le 18e printemps de D\u00e9modocos&#8230;<\/p>\n<p style=\"text-align: justify;\">Les Dionysies devaient s&rsquo;ouvrir sur le <em>Sacre du printemps<\/em>, dans la version pour piano \u00e0 quatre mains con\u00e7ue par Stravinski, avec les Celestial Mechanics de George Crumb, par le duo M\u00e9tamorphoses, mais impossible de livrer un piano au R\u00e9fectoire\u00a0: on attendra donc le lendemain (23 mars) pour rallier l&rsquo;amphith\u00e9\u00e2tre Richelieu et entrem\u00ealer Crumb, Lucr\u00e8ce et Stravinski. Car nos tr\u00e8s chers Emmanuel Lascoux et Guillaume Boussard reviendront nous enchanter avec un Lucr\u00e8ce entrem\u00eal\u00e9 de fantaisies pianistiques et d&rsquo;une danse de flamenco par Anne-Iris Mu\u00f1oz.<\/p>\n<p style=\"text-align: justify;\">D&rsquo;abord Hom\u00e8re, encore et toujours, un chant initial de l&rsquo;<em>Iliade, Invocation \u00e0 la Muse, \u00ab\u00a0Nous ne prendrons jamais Troie, la ville aux larges ruelles\u00a0\u00bb, <\/em>par votre serviteur, en ouverture des Dionysies, pour accueillir le recteur de l&rsquo;Acad\u00e9mie de Paris, chancelier des Universit\u00e9s, M. Fran\u00e7ois Weil (22 mars, 19h), pr\u00e9lude \u00e0 d&rsquo;autres chants de l&rsquo;<em>Iliade<\/em> par le caf\u00e9 hom\u00e9rique (24 mars 15h). Le th\u00e9\u00e2tre rena\u00eetra juste apr\u00e8s l&rsquo;ouverture avec les <em>Perses<\/em> d&rsquo;Eschyle (22 mars, 20h30, et 24 mars 18h). Puis D\u00e9modocos relancera l&rsquo;<em>Orestie<\/em> avec <em>Agamemnon<\/em>, pi\u00e8ce grandiose et sublime (23 mars 20h30), avec un dispositif nouveau de masque et de choeur. La pi\u00e8ce sera donn\u00e9e en hommage Eric Pide, l&rsquo;artiste et \u00e9crivain dionysiaque maudit disparu en 1998, compagnon de la troupe en ses d\u00e9buts. Le R\u00e9fectoire accueillera un \u00e9l\u00e8ve d&rsquo;Anatoli Vassiliev, Hugues Badet, qui a b\u00e9n\u00e9fici\u00e9 de la formation du ma\u00eetre \u00e0 l&rsquo;\u00e9cole de&#8230; Platon. Il nous proposera, avec deux acteurs, sa version de l&rsquo;<em>Hippias mineur <\/em>(23 mars 14h\u00a0; 24 mars 20h30). Nicolas Lakshmanan viendra dire, avec un musicien, la <em>Chanson de Roland<\/em>, dans sa version en d\u00e9casyllabes assonanc\u00e9s, d\u00e9j\u00e0 entendue en partie aux Dionysies 2009, et presque achev\u00e9e (. Aymeric M\u00fcnch reporte son rendez-vous virgilien \u00e0 l&rsquo;ann\u00e9e prochaine mais viendra faire le Messager dans les <em>Perses<\/em>. Les <em>Antigones<\/em> seront l\u00e0, fid\u00e8les au rendez-vous, venues de Bactres et d&rsquo;Abyssinie. Les <em>Bacchantes<\/em> font monter la fi\u00e8vre dionysiaque au-del\u00e0 du raisonnable, et la com\u00e9die <em>Amphitryon<\/em>, en costumes grecs, pointe son nez romain, dans une nouvelle traduction, \u00e0 faire p\u00e2lir les Grecs&#8230; Un nouveau com\u00e9dien est en gestation. Tous ses gestes contenus dans le texte, et tous les autres \u00e0 anticiper ou d\u00e9duire&#8230; Arlequinade, pantalonade\u00a0? Non, ce n&rsquo;est pas la Commedia\u00a0! C&rsquo;est encore autre chose, \u00e0 inventer&#8230;<\/p>\n<p style=\"text-align: justify;\">Pour l&rsquo;<em>Orestie<\/em>, 2010 fut l&rsquo;ann\u00e9e de la traduction et du masque facial\u00a0; 2011 fut l&rsquo;ann\u00e9e de la danse\u00a0; 2012 l&rsquo;ann\u00e9e des masques, lesquels n&rsquo;arrivent que cette ann\u00e9e, en 2013, dans l&rsquo;<em>Orestie<\/em>. On esp\u00e9rait les satyres\u00a0: ce sera finalement l&rsquo;ann\u00e9e du palais des Atrides&#8230; Venez red\u00e9couvrir l&rsquo;immense <em>Orestie<\/em>, avec ses chants, ses danses, ses masques, <em>Agamemnon<\/em>, avec son choeur renforc\u00e9, dans la version cr\u00e9\u00e9e cet automne \u00e0 Brest, suivie des poignantes <em>Cho\u00e9phores<\/em> et des toujours plus saisissantes <em>Eum\u00e9nides<\/em>&#8230;<\/p>\n<\/blockquote>\n<p style=\"text-align: right;\"><strong>Philippe Brunet<\/strong><br \/>\nDirecteur artistique du festival des <em>Dionysies<\/em><\/p>\n<h3>du 22 au 31 mars 2013<\/h3>\n<p>Salle des Cordeliers (Paris)<\/p>\n<p><a href=\"http:\/\/www.culture-sorbonne.fr\/dionysies\/files\/2011\/05\/affiche-web.jpg\"><img loading=\"lazy\" decoding=\"async\" src=\"http:\/\/www.culture-sorbonne.fr\/dionysies\/files\/2011\/05\/affiche-web-200x300.jpg\" alt=\"\u00a9 Cl\u00e9mentine Cintr\u00e9 \" width=\"200\" height=\"300\" \/><\/a><\/p>\n<h4>Par le Th\u00e9\u00e2tre D\u00e9modocos :<\/h4>\n<h5>Cr\u00e9ation<\/h5>\n<ul>\n<li><em>Amphitryon <\/em>de Plaute<\/li>\n<\/ul>\n<h5>Reprises<\/h5>\n<ul>\n<li><em>Les Perses<\/em> d&rsquo;Eschyle<\/li>\n<li><em>Agamemnon <\/em>d&rsquo;Eschyle<\/li>\n<li><em>Les Cho\u00e9phores <\/em>d&rsquo;Eschyle<\/li>\n<li><em>Les Eum\u00e9nides <\/em>d&rsquo;Eschyle<\/li>\n<li><em>Les Bacchantes <\/em>d&rsquo;Euripide<\/li>\n<li><em>Antigone (\u00e0 Bactres)<\/em> de Sophocle<\/li>\n<li><em>Antigone abyssinienne <\/em>d&rsquo;apr\u00e8s Sophocle<\/li>\n<\/ul>\n<p>En cl\u00f4ture du festival, la compagnie Demodocos a jou\u00e9 L&rsquo;Orestie, int\u00e9grale de la trilogie d&rsquo;Eschyle :<\/p>\n<ul>\n<li><em>Agamemnon, Les Cho\u00e9phores, Les Eum\u00e9nides<\/em><\/li>\n<\/ul>\n<h5>Autres spectacles, animations, ateliers, conf\u00e9rences&#8230;<\/h5>\n<ul>\n<li>En introduction : Invocation \u00e0 la muse<\/li>\n<li>Iliade &#8211; Hom\u00e8re<\/li>\n<li>Hippias, un dialogue de Platon<\/li>\n<li>La mort de Sarp\u00e9don<\/li>\n<li>Ariane, de Catulle<\/li>\n<li>Attis, de Catulle<\/li>\n<li>R\u00e9cital : la chanson de Roland<\/li>\n<li>Fran\u00e7ois Delsarte et la statuaire grecque antique<\/li>\n<li>Le sacre du printemps, d&rsquo;Igor Stravinski, par le duo M\u00e9tamorphoses<\/li>\n<li>Danses, de Crumb, par le duo M\u00e9tamorphoses<\/li>\n<li>Lucr\u00e8ce, Longues amours et vies br\u00e8ves (voix et piano) G. Boussard et E. Lascoux<\/li>\n<li>Caf\u00e9 hom\u00e9rique (au restaurant Le Minotaure, 24 rue de la Huchette)<\/li>\n<li>et le Bal Dionysiaque, avec tous les artistes et le public !<\/li>\n<\/ul>\n","protected":false},"excerpt":{"rendered":"<p>L&rsquo;hiver \u00e9tait l\u00e0 et le printemps encore loin. La grippe s\u00e9vissait. Le R\u00e9fectoire des Cordeliers \u00e9tait ferm\u00e9, la rue barr\u00e9e. Les spectacles \u00e0 peine en germe. On osait \u00e0 peine &#8230;<\/p>\n","protected":false},"author":3,"featured_media":624,"parent":63,"menu_order":0,"comment_status":"closed","ping_status":"closed","template":"","meta":{"footnotes":""},"class_list":["post-590","page","type-page","status-publish","has-post-thumbnail","hentry"],"_links":{"self":[{"href":"https:\/\/dionysies.sorbonne-universite.fr\/index.php?rest_route=\/wp\/v2\/pages\/590","targetHints":{"allow":["GET"]}}],"collection":[{"href":"https:\/\/dionysies.sorbonne-universite.fr\/index.php?rest_route=\/wp\/v2\/pages"}],"about":[{"href":"https:\/\/dionysies.sorbonne-universite.fr\/index.php?rest_route=\/wp\/v2\/types\/page"}],"author":[{"embeddable":true,"href":"https:\/\/dionysies.sorbonne-universite.fr\/index.php?rest_route=\/wp\/v2\/users\/3"}],"replies":[{"embeddable":true,"href":"https:\/\/dionysies.sorbonne-universite.fr\/index.php?rest_route=%2Fwp%2Fv2%2Fcomments&post=590"}],"version-history":[{"count":0,"href":"https:\/\/dionysies.sorbonne-universite.fr\/index.php?rest_route=\/wp\/v2\/pages\/590\/revisions"}],"up":[{"embeddable":true,"href":"https:\/\/dionysies.sorbonne-universite.fr\/index.php?rest_route=\/wp\/v2\/pages\/63"}],"wp:featuredmedia":[{"embeddable":true,"href":"https:\/\/dionysies.sorbonne-universite.fr\/index.php?rest_route=\/wp\/v2\/media\/624"}],"wp:attachment":[{"href":"https:\/\/dionysies.sorbonne-universite.fr\/index.php?rest_route=%2Fwp%2Fv2%2Fmedia&parent=590"}],"curies":[{"name":"wp","href":"https:\/\/api.w.org\/{rel}","templated":true}]}}